{"id":383,"date":"2021-10-22T09:10:30","date_gmt":"2021-10-22T09:10:30","guid":{"rendered":"https:\/\/energyflows.ch\/?page_id=383"},"modified":"2021-10-22T12:12:19","modified_gmt":"2021-10-22T12:12:19","slug":"testimonials","status":"publish","type":"page","link":"https:\/\/energyflows.ch\/index.php\/testimonials\/","title":{"rendered":"Testimonials"},"content":{"rendered":"<p><strong>Testimonials<br \/>\n<\/strong>Craniosacral Therapie<\/p>\n<p>Mit Barbara Werner hat man eine professionelle vielseitige Therapeutin mit langj\u00e4hriger Erfahrung gefunden. Sie ist mit allen effizienten und ganzheitlichen Therapien immer auf dem neuesten Stand und bildet sich fortlaufend fort.\u00a0 <strong>E.D. 8400 Winterthur<\/strong><\/p>\n<p>Mein Vertrauen gewinnt Barbara Werner nicht nur durch ihre absolute Kompetenz in der Craniosacral Therapie, sondern auch durch ihre erstaunlich gute F\u00e4higkeit, sich auf mich und meinen K\u00f6rper einzustellen; dies ben\u00f6tigt eine besondere Konzentration und Offenheit, die ich an ihr als K\u00f6rpertherapeutin enorm sch\u00e4tze und selten bei anderen gefunden habe. Ich empfehle sie als begabte K\u00f6rpertherapeutin unbedingt weiter.<br \/>\n<strong>B.B. 8400 Winterthur<\/strong><\/p>\n<p>Aufgrund von Verspannungen im Schulterbereich gehe ich zu Barbara Werner in die Craniosacral Therapie, welches das Fliessen meiner Energien verbessert und mit beschwingt und leicht werden l\u00e4sst. Nebst dem wohltuenden Entspannungseffekt wird mir der Zusammenhang von K\u00f6rper, Geist und Seele aufgezeigt. Ich werde auf die Gefahren des entsprechenden Ungleichgewichts und den Raubbau aufmerksam gemacht. <strong>U.G. 8400 Winterthur<\/strong><\/p>\n<p>&nbsp;<\/p>\n<div><strong>Testimonials<br \/>\n<\/strong>&#8222;Flow-CD&#8220;<br \/>\n<strong><br \/>\n<\/strong>\u00abSehr professionell gemachte CD\u00bb \u2022 \u00abAngenehme Stimme f\u00fchrt in die Stille.\u00bb \u2022 \u00abKein Schnellschuss\u00bb \u2022 \u00abEin gelungenes Werk von A bis Z\u00bb \u2022 \u00abSehr hilfreiche CD mit wertvollen Tipps\u00bb \u2022 \u00abPerfekte Einladung zum Runterkommen \u00bb \u2022 \u00abHyperaktives dreij\u00e4hriges Kind soll auf dem Sofa eingeschlafen sein, was sonst gar nie der Fall ist.\u00bb \u2022 \u00abHund hat auch grad mitgemacht und seine Pf\u00f6tchen gestreckt.\u00bb \u2022 \u00abEs entspannt auch beim Gl\u00e4tten.\u00bb \u2022 \u00abPr\u00e4zise Anleitung, sorgf\u00e4ltig zusammengestellt\u00bb \u2022 \u00abHabe mich selbst wiedergefunden.\u00bb \u2022 \u00abDie Entspannungs\u00fcbungen sind so vielf\u00e4ltig und vielschichtig, dass sie sich jedes Mal anders anf\u00fchlen.\u00bb<\/div>\n<p>&nbsp;<\/p>\n","protected":false},"excerpt":{"rendered":"<p>Testimonials Craniosacral Therapie Mit Barbara Werner hat man eine professionelle vielseitige Therapeutin mit langj\u00e4hriger Erfahrung gefunden. Sie ist mit allen effizienten und ganzheitlichen Therapien immer auf dem neuesten Stand und bildet sich fortlaufend fort.\u00a0 E.D. 8400 Winterthur Mein Vertrauen gewinnt Barbara Werner nicht nur durch ihre absolute Kompetenz in der Craniosacral Therapie, sondern auch durch &hellip; <\/p>\n<p class=\"link-more\"><a href=\"https:\/\/energyflows.ch\/index.php\/testimonials\/\" class=\"more-link\"><span class=\"screen-reader-text\">\u201eTestimonials\u201c<\/span> weiterlesen<\/a><\/p>\n","protected":false},"author":1,"featured_media":0,"parent":0,"menu_order":0,"comment_status":"closed","ping_status":"closed","template":"","meta":{"footnotes":""},"class_list":["post-383","page","type-page","status-publish","hentry"],"yoast_head":"<!-- This site is optimized with the Yoast SEO plugin v23.2 - https:\/\/yoast.com\/wordpress\/plugins\/seo\/ -->\n<title>Testimonials &#8226; BARBARA WERNER \/ Craniosacral Therapie &amp; Entspannung &amp; Blog<\/title>\n<meta name=\"robots\" content=\"index, follow, max-snippet:-1, max-image-preview:large, max-video-preview:-1\" \/>\n<link rel=\"canonical\" href=\"https:\/\/energyflows.ch\/index.php\/testimonials\/\" \/>\n<meta property=\"og:locale\" content=\"de_DE\" \/>\n<meta property=\"og:type\" content=\"article\" \/>\n<meta property=\"og:title\" content=\"Testimonials &#8226; BARBARA WERNER \/ Craniosacral Therapie &amp; Entspannung &amp; Blog\" \/>\n<meta property=\"og:description\" content=\"Testimonials Craniosacral Therapie Mit Barbara Werner hat man eine professionelle vielseitige Therapeutin mit langj\u00e4hriger Erfahrung gefunden. Sie ist mit allen effizienten und ganzheitlichen Therapien immer auf dem neuesten Stand und bildet sich fortlaufend fort.\u00a0 E.D. 8400 Winterthur Mein Vertrauen gewinnt Barbara Werner nicht nur durch ihre absolute Kompetenz in der Craniosacral Therapie, sondern auch durch &hellip; \u201eTestimonials\u201c weiterlesen\" \/>\n<meta property=\"og:url\" content=\"https:\/\/energyflows.ch\/index.php\/testimonials\/\" \/>\n<meta property=\"og:site_name\" content=\"BARBARA WERNER \/ Craniosacral Therapie &amp; Entspannung &amp; Blog\" \/>\n<meta property=\"article:publisher\" content=\"https:\/\/www.facebook.com\/Maveena119\" \/>\n<meta property=\"article:modified_time\" content=\"2021-10-22T12:12:19+00:00\" \/>\n<meta name=\"twitter:card\" content=\"summary_large_image\" \/>\n<meta name=\"twitter:label1\" content=\"Gesch\u00e4tzte Lesezeit\" \/>\n\t<meta name=\"twitter:data1\" content=\"1\u00a0Minute\" \/>\n<script type=\"application\/ld+json\" class=\"yoast-schema-graph\">{\"@context\":\"https:\/\/schema.org\",\"@graph\":[{\"@type\":\"WebPage\",\"@id\":\"https:\/\/energyflows.ch\/index.php\/testimonials\/\",\"url\":\"https:\/\/energyflows.ch\/index.php\/testimonials\/\",\"name\":\"Testimonials &#8226; BARBARA WERNER \/ Craniosacral Therapie &amp; Entspannung &amp; Blog\",\"isPartOf\":{\"@id\":\"https:\/\/energyflows.ch\/#website\"},\"datePublished\":\"2021-10-22T09:10:30+00:00\",\"dateModified\":\"2021-10-22T12:12:19+00:00\",\"breadcrumb\":{\"@id\":\"https:\/\/energyflows.ch\/index.php\/testimonials\/#breadcrumb\"},\"inLanguage\":\"de\",\"potentialAction\":[{\"@type\":\"ReadAction\",\"target\":[\"https:\/\/energyflows.ch\/index.php\/testimonials\/\"]}]},{\"@type\":\"BreadcrumbList\",\"@id\":\"https:\/\/energyflows.ch\/index.php\/testimonials\/#breadcrumb\",\"itemListElement\":[{\"@type\":\"ListItem\",\"position\":1,\"name\":\"Startseite\",\"item\":\"https:\/\/energyflows.ch\/\"},{\"@type\":\"ListItem\",\"position\":2,\"name\":\"Testimonials\"}]},{\"@type\":\"WebSite\",\"@id\":\"https:\/\/energyflows.ch\/#website\",\"url\":\"https:\/\/energyflows.ch\/\",\"name\":\"Barbara Werner Therapie & Coaching f\u00fcr Bewusstsein Referentin \/ Autorin \/ Mensch Craniosacral Therapie\",\"description\":\"Gesundheit, Bewusst-Sein, Nachhaltigkeit, Flow, Zeitgeist\",\"potentialAction\":[{\"@type\":\"SearchAction\",\"target\":{\"@type\":\"EntryPoint\",\"urlTemplate\":\"https:\/\/energyflows.ch\/?s={search_term_string}\"},\"query-input\":\"required name=search_term_string\"}],\"inLanguage\":\"de\"}]}<\/script>\n<!-- \/ Yoast SEO plugin. -->","yoast_head_json":{"title":"Testimonials &#8226; BARBARA WERNER \/ Craniosacral Therapie &amp; Entspannung &amp; Blog","robots":{"index":"index","follow":"follow","max-snippet":"max-snippet:-1","max-image-preview":"max-image-preview:large","max-video-preview":"max-video-preview:-1"},"canonical":"https:\/\/energyflows.ch\/index.php\/testimonials\/","og_locale":"de_DE","og_type":"article","og_title":"Testimonials &#8226; BARBARA WERNER \/ Craniosacral Therapie &amp; Entspannung &amp; Blog","og_description":"Testimonials Craniosacral Therapie Mit Barbara Werner hat man eine professionelle vielseitige Therapeutin mit langj\u00e4hriger Erfahrung gefunden. Sie ist mit allen effizienten und ganzheitlichen Therapien immer auf dem neuesten Stand und bildet sich fortlaufend fort.\u00a0 E.D. 8400 Winterthur Mein Vertrauen gewinnt Barbara Werner nicht nur durch ihre absolute Kompetenz in der Craniosacral Therapie, sondern auch durch &hellip; \u201eTestimonials\u201c weiterlesen","og_url":"https:\/\/energyflows.ch\/index.php\/testimonials\/","og_site_name":"BARBARA WERNER \/ Craniosacral Therapie &amp; Entspannung &amp; Blog","article_publisher":"https:\/\/www.facebook.com\/Maveena119","article_modified_time":"2021-10-22T12:12:19+00:00","twitter_card":"summary_large_image","twitter_misc":{"Gesch\u00e4tzte Lesezeit":"1\u00a0Minute"},"schema":{"@context":"https:\/\/schema.org","@graph":[{"@type":"WebPage","@id":"https:\/\/energyflows.ch\/index.php\/testimonials\/","url":"https:\/\/energyflows.ch\/index.php\/testimonials\/","name":"Testimonials &#8226; BARBARA WERNER \/ Craniosacral Therapie &amp; Entspannung &amp; Blog","isPartOf":{"@id":"https:\/\/energyflows.ch\/#website"},"datePublished":"2021-10-22T09:10:30+00:00","dateModified":"2021-10-22T12:12:19+00:00","breadcrumb":{"@id":"https:\/\/energyflows.ch\/index.php\/testimonials\/#breadcrumb"},"inLanguage":"de","potentialAction":[{"@type":"ReadAction","target":["https:\/\/energyflows.ch\/index.php\/testimonials\/"]}]},{"@type":"BreadcrumbList","@id":"https:\/\/energyflows.ch\/index.php\/testimonials\/#breadcrumb","itemListElement":[{"@type":"ListItem","position":1,"name":"Startseite","item":"https:\/\/energyflows.ch\/"},{"@type":"ListItem","position":2,"name":"Testimonials"}]},{"@type":"WebSite","@id":"https:\/\/energyflows.ch\/#website","url":"https:\/\/energyflows.ch\/","name":"Barbara Werner Therapie & Coaching f\u00fcr Bewusstsein Referentin \/ Autorin \/ Mensch Craniosacral Therapie","description":"Gesundheit, Bewusst-Sein, Nachhaltigkeit, Flow, Zeitgeist","potentialAction":[{"@type":"SearchAction","target":{"@type":"EntryPoint","urlTemplate":"https:\/\/energyflows.ch\/?s={search_term_string}"},"query-input":"required name=search_term_string"}],"inLanguage":"de"}]}},"_links":{"self":[{"href":"https:\/\/energyflows.ch\/index.php\/wp-json\/wp\/v2\/pages\/383"}],"collection":[{"href":"https:\/\/energyflows.ch\/index.php\/wp-json\/wp\/v2\/pages"}],"about":[{"href":"https:\/\/energyflows.ch\/index.php\/wp-json\/wp\/v2\/types\/page"}],"author":[{"embeddable":true,"href":"https:\/\/energyflows.ch\/index.php\/wp-json\/wp\/v2\/users\/1"}],"replies":[{"embeddable":true,"href":"https:\/\/energyflows.ch\/index.php\/wp-json\/wp\/v2\/comments?post=383"}],"version-history":[{"count":6,"href":"https:\/\/energyflows.ch\/index.php\/wp-json\/wp\/v2\/pages\/383\/revisions"}],"predecessor-version":[{"id":437,"href":"https:\/\/energyflows.ch\/index.php\/wp-json\/wp\/v2\/pages\/383\/revisions\/437"}],"wp:attachment":[{"href":"https:\/\/energyflows.ch\/index.php\/wp-json\/wp\/v2\/media?parent=383"}],"curies":[{"name":"wp","href":"https:\/\/api.w.org\/{rel}","templated":true}]}}