{"id":258,"date":"2020-07-15T12:31:42","date_gmt":"2020-07-15T12:31:42","guid":{"rendered":"https:\/\/flow.energyflows.ch\/?page_id=258"},"modified":"2024-08-19T13:04:02","modified_gmt":"2024-08-19T13:04:02","slug":"diverses","status":"publish","type":"page","link":"https:\/\/energyflows.ch\/index.php\/diverses\/","title":{"rendered":"Diverses"},"content":{"rendered":"<p><span style=\"color: #ff9900;\">Links<\/span><br \/>\n<span style=\"color: #ff9900;\">Publikationen<br \/>\nKomplement\u00e4rTherapie<br \/>\nEntspannungsmethode &#8222;Progressive Muskelrelaxation&#8220; \/ PMR<br \/>\n<\/span><\/p>\n<p><strong>Links<\/strong><br \/>\n<span style=\"color: #ff9900;\">Verb\u00e4nde<\/span><strong><br \/>\n<\/strong><a href=\"http:\/\/www.shiatsuverband.ch\/\" target=\"_blank\" rel=\"noopener noreferrer\">www.shiatsuverband.ch<\/a><br \/>\n<a href=\"http:\/\/www.craniosuisse.ch\/\" target=\"_blank\" rel=\"noopener noreferrer\">www.craniosuisse.ch<\/a><br \/>\n<a href=\"http:\/\/www.emr.ch\/\" target=\"_blank\" rel=\"noopener noreferrer\">www.emr.ch<\/a> (Qualit\u00e4tssicherung in der Komplement\u00e4rmedizin)<br \/>\n<a href=\"http:\/\/www.asca.ch\/Home.aspx?lang=de\" target=\"_blank\" rel=\"noopener noreferrer\">www.asca.ch<\/a><\/p>\n<p><span style=\"color: #ff9900;\">Schulen<\/span><br \/>\n<a href=\"http:\/\/www.shiatsu-institut.ch\/\" target=\"_blank\" rel=\"noopener noreferrer\">www.shiatsu-institut.ch<\/a> (Europ\u00e4isches Shiatsu Institut)<br \/>\n<a href=\"http:\/\/www.milneinstitute.com\/\" target=\"_blank\" rel=\"noopener noreferrer\">www.milneinstitute.com<\/a> (Milne Institute Inc. USA)<\/p>\n<p><span style=\"color: #ff9900;\">Andere<\/span><strong><strong><br \/>\n<\/strong><\/strong><a href=\"http:\/\/www.oda-kt.ch\/\" target=\"_blank\" rel=\"noopener noreferrer\">www.oda-kt.ch<\/a> (Organisation der Arbeitswelt Komplement\u00e4rtherapie)<br \/>\n<a href=\"http:\/\/ch.linkedin.com\/pub\/barbara-werner\/32\/190\/419\/de\" target=\"_blank\" rel=\"noopener noreferrer\">www.linkedin.com<\/a><br \/>\n<a href=\"http:\/\/www.Linkedin.com\/in\/barbarawerner\">www.Linkedin.com\/in\/barbarawerner<\/a><br \/>\n<a href=\"http:\/\/www.lebenskraft-online.ch\/\" target=\"_blank\" rel=\"noopener noreferrer\">www.lebenskraft-online.ch<\/a><br \/>\n<a href=\"http:\/\/www.winterthur-nachhaltig.ch\" target=\"_blank\" rel=\"noopener noreferrer\">www.winterthur-nachhaltig.ch<\/a><br \/>\n<a href=\"http:\/\/www.rhetorikclubwinterthur.ch\">www.rhetorikclubwinterthur.ch<\/a><br \/>\n<a href=\"http:\/\/www.toastmasters.org\">www.toastmasters.org<\/a><\/p>\n<p>&nbsp;<\/p>\n<p><strong>Publikationen<\/strong><br \/>\n<span style=\"color: #ff9900;\">Vortr\u00e4ge<br \/>\n<\/span>Im Kantonsspital Winterthur<br \/>\nThema: Craniosacral Therpie<br \/>\n(21.11.2012)<\/p>\n<p>F\u00fcr \u00c4rzte-Gruppenpraxis in Winterthur<br \/>\nThema: Craniosacral Therpie<br \/>\n(12.09.2013)<\/p>\n<p>Als Gast in der &#8222;Fr\u00fchschicht \/ Literatur am Morgen&#8220; in der<br \/>\nAlten Kaserne Winterthur. Thema: Wohlbefinden<br \/>\n(05.12.2013)<a href=\"https:\/\/www.energyflows.ch\/de\/Praxis-Barbara-Werner-Shiatsu-Craniosacral-Therapie-winterthur.htm\"><br \/>\n<\/a><br \/>\nVideo-Beitrag f\u00fcr Online-Kongress <a href=\"http:\/\/www.lebenskraft-online.ch\/\" target=\"_blank\" rel=\"noopener noreferrer\">www.lebenskraft-online.ch<\/a><br \/>\nf\u00fcr mehr\u00a0 # Nachhaltigkeit # Bewusstsein # Gesundheit<br \/>\nThema: Entspannungsmethoden<br \/>\n(1. \u2013 8. November 2019)<\/p>\n<p>Elevator Pitch am Anlass <a href=\"http:\/\/www.winterthur-nachhaltig.ch\/\" target=\"_blank\" rel=\"noopener noreferrer\">www.winterthur-nachhaltig.ch<\/a><br \/>\nThema: \u00abbewusst entspannen \u2013 nachhaltig gesunden\u00bb<br \/>\n( 29. Juni 2019)<\/p>\n<p>Bilder &amp; Texte &#8222;let go into flow&#8220;<br \/>\nIm Kulturzentrum &#8222;Alte Kaserne&#8220; Winterthur<br \/>\n(29.08. &#8211; 28.09.2024)<br \/>\nVernissage: 06.09.2024 um 18h<\/p>\n<p><span style=\"color: #ff9900;\">Publikationen<br \/>\n<\/span>Teilnehmerhandbuch zur R\u00fcckenschule Rheumaliga<br \/>\nMitautorin \u201eBackademy\u201c<br \/>\n(1992)<\/p>\n<p>Zeitungsartikel im Landboten<br \/>\n<a href=\"https:\/\/energyflows.ch\/wp-content\/uploads\/2020\/07\/lab_300705_11.pdf\" target=\"_blank\" rel=\"noopener noreferrer\">&#8222;Befreiter Energiefluss in unserem K\u00f6rper&#8220;<\/a><br \/>\n(30.07.2005)<\/p>\n<p>Article for www.professionalwomensgroup.com<br \/>\n<a href=\"https:\/\/energyflows.ch\/wp-content\/uploads\/2020\/07\/Networker_Winter_2005.pdf\" target=\"_blank\" rel=\"noopener noreferrer\">&#8222;Benefits from allowing your energy to flow&#8220;<\/a><br \/>\n(winteredition 2005)<\/p>\n<p>R\u00fcckblick des Messeautritts von <a href=\"http:\/\/www.craniosuisse.ch\/\" target=\"_blank\" rel=\"noopener noreferrer\">www.craniosuisse.ch<\/a><br \/>\n<a href=\"https:\/\/energyflows.ch\/wp-content\/uploads\/2020\/07\/Rueckblick_Zuespa_2013.pdf\" target=\"_blank\" rel=\"noopener noreferrer\">&#8222;R\u00fcckblick Z\u00fcspa 2013&#8220;<\/a><\/p>\n<p>Zeitungsartikel im Landboten \u00fcber Craniosacral Therapie<br \/>\n<a href=\"https:\/\/energyflows.ch\/wp-content\/uploads\/2020\/07\/Zeitungsartikel_08_11_13.pdf\" target=\"_blank\" rel=\"noopener noreferrer\">&#8222;Bewegende Stille&#8220;<\/a><br \/>\n(08.11.2013)<\/p>\n<p>Interview f\u00fcr www.astrea-apotheke.ch \/<br \/>\n<a href=\"https:\/\/energyflows.ch\/wp-content\/uploads\/2021\/04\/astrea_Entspannung.pdf\" target=\"_blank\" rel=\"noopener noreferrer\">Artikel &#8222;entspannt gegensteuern&#8220;<\/a><br \/>\n(November 2020)<\/p>\n<p><strong>Komplement\u00e4rTherapie<\/strong><br \/>\nKomplement\u00e4rTherapie sieht Genesung als ein Geschehen, das von individuellen Faktoren abh\u00e4ngig ist und die Wechselwirkungen von K\u00f6rper, Geist und Seele umfasst. Komplement\u00e4rtherapeutisches Handeln erfolgt prozessorientiert und interaktiv. Ziele sind die St\u00e4rkung der Selbstregulation, die F\u00f6rderung der Selbstwahrnehmung und die St\u00e4rkung der Genesungskompetenz.<\/p>\n<p><a href=\"https:\/\/energyflows.ch\/wp-content\/uploads\/2020\/07\/Seiten-3-Berufsbild_KT_Deutsch_150906.pdf\" target=\"_blank\" rel=\"noopener noreferrer\">\u00bb Kurzprofil Komplement\u00e4rTherapie (Quelle: OdA KT)<\/a><a href=\"https:\/\/energyflows.ch\/wp-content\/uploads\/2020\/07\/Berufsbild_KT_Deutsch_150906.pdf\" target=\"_blank\" rel=\"noopener noreferrer\">\u00bb<br \/>\nBerufsbild (Quelle: OdA KT)<\/a><\/p>\n<p><img loading=\"lazy\" decoding=\"async\" class=\"wp-image-304 aligncenter\" src=\"https:\/\/energyflows.ch\/wp-content\/uploads\/2020\/07\/schnecke.jpg\" alt=\"\" width=\"150\" height=\"150\" srcset=\"https:\/\/energyflows.ch\/wp-content\/uploads\/2020\/07\/schnecke.jpg 120w, https:\/\/energyflows.ch\/wp-content\/uploads\/2020\/07\/schnecke-100x100.jpg 100w\" sizes=\"(max-width: 150px) 100vw, 150px\" \/><\/p>\n<p>&nbsp;<\/p>\n<p><strong>Entspannungsmethode &#8222;Progressive Muskelrelaxation&#8220; \/ PMR<\/strong><\/p>\n<p>Die Progressive Muskelrelaxation nach Jacobson ist eine k\u00f6rperorientierte Entspannungsmethode. Sie basiert darauf, dass innere Anspannung im Zusammenhang steht mit muskul\u00e4ren Verspannungen.<br \/>\nEdmund Jacobson, ein amerikanischer Mediziner, entdeckte um 1900 den Zusammenhang zwischen k\u00f6rperlicher Anspannung und den Gef\u00fchlen. Ein entspannter K\u00f6rper ruft innere Gelassenheit hervor, und innere Gelassenheit entspannt den K\u00f6rper. Zwischen innerer Anspannung (Stress) und muskul\u00e4ren Verspannungen besteht eine Wechselwirkung.\u00a0 Dieses Entspannungsverfahren integriert somit K\u00f6rper, Geist und Seele.<\/p>\n","protected":false},"excerpt":{"rendered":"<p>Links Publikationen Komplement\u00e4rTherapie Entspannungsmethode &#8222;Progressive Muskelrelaxation&#8220; \/ PMR Links Verb\u00e4nde www.shiatsuverband.ch www.craniosuisse.ch www.emr.ch (Qualit\u00e4tssicherung in der Komplement\u00e4rmedizin) www.asca.ch Schulen www.shiatsu-institut.ch (Europ\u00e4isches Shiatsu Institut) www.milneinstitute.com (Milne Institute Inc. USA) Andere www.oda-kt.ch (Organisation der Arbeitswelt Komplement\u00e4rtherapie) www.linkedin.com www.Linkedin.com\/in\/barbarawerner www.lebenskraft-online.ch www.winterthur-nachhaltig.ch www.rhetorikclubwinterthur.ch www.toastmasters.org &nbsp; Publikationen Vortr\u00e4ge Im Kantonsspital Winterthur Thema: Craniosacral Therpie (21.11.2012) F\u00fcr \u00c4rzte-Gruppenpraxis in Winterthur Thema: &hellip; <\/p>\n<p class=\"link-more\"><a href=\"https:\/\/energyflows.ch\/index.php\/diverses\/\" class=\"more-link\"><span class=\"screen-reader-text\">\u201eDiverses\u201c<\/span> weiterlesen<\/a><\/p>\n","protected":false},"author":1,"featured_media":0,"parent":0,"menu_order":0,"comment_status":"closed","ping_status":"closed","template":"","meta":{"footnotes":""},"class_list":["post-258","page","type-page","status-publish","hentry"],"yoast_head":"<!-- This site is optimized with the Yoast SEO plugin v23.2 - https:\/\/yoast.com\/wordpress\/plugins\/seo\/ -->\n<title>Barbara Werner \u2022 Therapie &amp; Coaching f\u00fcr Bewusstsein \u2022 Craniosacral Therapie<\/title>\n<meta name=\"robots\" content=\"index, follow, max-snippet:-1, max-image-preview:large, max-video-preview:-1\" \/>\n<link rel=\"canonical\" href=\"https:\/\/energyflows.ch\/index.php\/diverses\/\" \/>\n<meta property=\"og:locale\" content=\"de_DE\" \/>\n<meta property=\"og:type\" content=\"article\" \/>\n<meta property=\"og:title\" content=\"Barbara Werner \u2022 Therapie &amp; Coaching f\u00fcr Bewusstsein \u2022 Craniosacral Therapie\" \/>\n<meta property=\"og:description\" content=\"Links Publikationen Komplement\u00e4rTherapie Entspannungsmethode &#8222;Progressive Muskelrelaxation&#8220; \/ PMR Links Verb\u00e4nde www.shiatsuverband.ch www.craniosuisse.ch www.emr.ch (Qualit\u00e4tssicherung in der Komplement\u00e4rmedizin) www.asca.ch Schulen www.shiatsu-institut.ch (Europ\u00e4isches Shiatsu Institut) www.milneinstitute.com (Milne Institute Inc. USA) Andere www.oda-kt.ch (Organisation der Arbeitswelt Komplement\u00e4rtherapie) www.linkedin.com www.Linkedin.com\/in\/barbarawerner www.lebenskraft-online.ch www.winterthur-nachhaltig.ch www.rhetorikclubwinterthur.ch www.toastmasters.org &nbsp; Publikationen Vortr\u00e4ge Im Kantonsspital Winterthur Thema: Craniosacral Therpie (21.11.2012) F\u00fcr \u00c4rzte-Gruppenpraxis in Winterthur Thema: &hellip; \u201eDiverses\u201c weiterlesen\" \/>\n<meta property=\"og:url\" content=\"https:\/\/energyflows.ch\/index.php\/diverses\/\" \/>\n<meta property=\"og:site_name\" content=\"BARBARA WERNER \/ Craniosacral Therapie &amp; Entspannung &amp; Blog\" \/>\n<meta property=\"article:publisher\" content=\"https:\/\/www.facebook.com\/Maveena119\" \/>\n<meta property=\"article:modified_time\" content=\"2024-08-19T13:04:02+00:00\" \/>\n<meta property=\"og:image\" content=\"https:\/\/energyflows.ch\/wp-content\/uploads\/2020\/07\/schnecke.jpg\" \/>\n<meta name=\"twitter:card\" content=\"summary_large_image\" \/>\n<meta name=\"twitter:label1\" content=\"Gesch\u00e4tzte Lesezeit\" \/>\n\t<meta name=\"twitter:data1\" content=\"2\u00a0Minuten\" \/>\n<script type=\"application\/ld+json\" class=\"yoast-schema-graph\">{\"@context\":\"https:\/\/schema.org\",\"@graph\":[{\"@type\":\"WebPage\",\"@id\":\"https:\/\/energyflows.ch\/index.php\/diverses\/\",\"url\":\"https:\/\/energyflows.ch\/index.php\/diverses\/\",\"name\":\"Barbara Werner \u2022 Therapie & Coaching f\u00fcr Bewusstsein \u2022 Craniosacral Therapie\",\"isPartOf\":{\"@id\":\"https:\/\/energyflows.ch\/#website\"},\"primaryImageOfPage\":{\"@id\":\"https:\/\/energyflows.ch\/index.php\/diverses\/#primaryimage\"},\"image\":{\"@id\":\"https:\/\/energyflows.ch\/index.php\/diverses\/#primaryimage\"},\"thumbnailUrl\":\"https:\/\/energyflows.ch\/wp-content\/uploads\/2020\/07\/schnecke.jpg\",\"datePublished\":\"2020-07-15T12:31:42+00:00\",\"dateModified\":\"2024-08-19T13:04:02+00:00\",\"breadcrumb\":{\"@id\":\"https:\/\/energyflows.ch\/index.php\/diverses\/#breadcrumb\"},\"inLanguage\":\"de\",\"potentialAction\":[{\"@type\":\"ReadAction\",\"target\":[\"https:\/\/energyflows.ch\/index.php\/diverses\/\"]}]},{\"@type\":\"ImageObject\",\"inLanguage\":\"de\",\"@id\":\"https:\/\/energyflows.ch\/index.php\/diverses\/#primaryimage\",\"url\":\"https:\/\/energyflows.ch\/wp-content\/uploads\/2020\/07\/schnecke.jpg\",\"contentUrl\":\"https:\/\/energyflows.ch\/wp-content\/uploads\/2020\/07\/schnecke.jpg\",\"width\":120,\"height\":120},{\"@type\":\"BreadcrumbList\",\"@id\":\"https:\/\/energyflows.ch\/index.php\/diverses\/#breadcrumb\",\"itemListElement\":[{\"@type\":\"ListItem\",\"position\":1,\"name\":\"Startseite\",\"item\":\"https:\/\/energyflows.ch\/\"},{\"@type\":\"ListItem\",\"position\":2,\"name\":\"Diverses\"}]},{\"@type\":\"WebSite\",\"@id\":\"https:\/\/energyflows.ch\/#website\",\"url\":\"https:\/\/energyflows.ch\/\",\"name\":\"Barbara Werner Therapie & Coaching f\u00fcr Bewusstsein Referentin \/ Autorin \/ Mensch Craniosacral Therapie\",\"description\":\"Gesundheit, Bewusst-Sein, Nachhaltigkeit, Flow, Zeitgeist\",\"potentialAction\":[{\"@type\":\"SearchAction\",\"target\":{\"@type\":\"EntryPoint\",\"urlTemplate\":\"https:\/\/energyflows.ch\/?s={search_term_string}\"},\"query-input\":\"required name=search_term_string\"}],\"inLanguage\":\"de\"}]}<\/script>\n<!-- \/ Yoast SEO plugin. -->","yoast_head_json":{"title":"Barbara Werner \u2022 Therapie & Coaching f\u00fcr Bewusstsein \u2022 Craniosacral Therapie","robots":{"index":"index","follow":"follow","max-snippet":"max-snippet:-1","max-image-preview":"max-image-preview:large","max-video-preview":"max-video-preview:-1"},"canonical":"https:\/\/energyflows.ch\/index.php\/diverses\/","og_locale":"de_DE","og_type":"article","og_title":"Barbara Werner \u2022 Therapie & Coaching f\u00fcr Bewusstsein \u2022 Craniosacral Therapie","og_description":"Links Publikationen Komplement\u00e4rTherapie Entspannungsmethode &#8222;Progressive Muskelrelaxation&#8220; \/ PMR Links Verb\u00e4nde www.shiatsuverband.ch www.craniosuisse.ch www.emr.ch (Qualit\u00e4tssicherung in der Komplement\u00e4rmedizin) www.asca.ch Schulen www.shiatsu-institut.ch (Europ\u00e4isches Shiatsu Institut) www.milneinstitute.com (Milne Institute Inc. USA) Andere www.oda-kt.ch (Organisation der Arbeitswelt Komplement\u00e4rtherapie) www.linkedin.com www.Linkedin.com\/in\/barbarawerner www.lebenskraft-online.ch www.winterthur-nachhaltig.ch www.rhetorikclubwinterthur.ch www.toastmasters.org &nbsp; Publikationen Vortr\u00e4ge Im Kantonsspital Winterthur Thema: Craniosacral Therpie (21.11.2012) F\u00fcr \u00c4rzte-Gruppenpraxis in Winterthur Thema: &hellip; \u201eDiverses\u201c weiterlesen","og_url":"https:\/\/energyflows.ch\/index.php\/diverses\/","og_site_name":"BARBARA WERNER \/ Craniosacral Therapie &amp; Entspannung &amp; Blog","article_publisher":"https:\/\/www.facebook.com\/Maveena119","article_modified_time":"2024-08-19T13:04:02+00:00","og_image":[{"url":"https:\/\/energyflows.ch\/wp-content\/uploads\/2020\/07\/schnecke.jpg"}],"twitter_card":"summary_large_image","twitter_misc":{"Gesch\u00e4tzte Lesezeit":"2\u00a0Minuten"},"schema":{"@context":"https:\/\/schema.org","@graph":[{"@type":"WebPage","@id":"https:\/\/energyflows.ch\/index.php\/diverses\/","url":"https:\/\/energyflows.ch\/index.php\/diverses\/","name":"Barbara Werner \u2022 Therapie & Coaching f\u00fcr Bewusstsein \u2022 Craniosacral Therapie","isPartOf":{"@id":"https:\/\/energyflows.ch\/#website"},"primaryImageOfPage":{"@id":"https:\/\/energyflows.ch\/index.php\/diverses\/#primaryimage"},"image":{"@id":"https:\/\/energyflows.ch\/index.php\/diverses\/#primaryimage"},"thumbnailUrl":"https:\/\/energyflows.ch\/wp-content\/uploads\/2020\/07\/schnecke.jpg","datePublished":"2020-07-15T12:31:42+00:00","dateModified":"2024-08-19T13:04:02+00:00","breadcrumb":{"@id":"https:\/\/energyflows.ch\/index.php\/diverses\/#breadcrumb"},"inLanguage":"de","potentialAction":[{"@type":"ReadAction","target":["https:\/\/energyflows.ch\/index.php\/diverses\/"]}]},{"@type":"ImageObject","inLanguage":"de","@id":"https:\/\/energyflows.ch\/index.php\/diverses\/#primaryimage","url":"https:\/\/energyflows.ch\/wp-content\/uploads\/2020\/07\/schnecke.jpg","contentUrl":"https:\/\/energyflows.ch\/wp-content\/uploads\/2020\/07\/schnecke.jpg","width":120,"height":120},{"@type":"BreadcrumbList","@id":"https:\/\/energyflows.ch\/index.php\/diverses\/#breadcrumb","itemListElement":[{"@type":"ListItem","position":1,"name":"Startseite","item":"https:\/\/energyflows.ch\/"},{"@type":"ListItem","position":2,"name":"Diverses"}]},{"@type":"WebSite","@id":"https:\/\/energyflows.ch\/#website","url":"https:\/\/energyflows.ch\/","name":"Barbara Werner Therapie & Coaching f\u00fcr Bewusstsein Referentin \/ Autorin \/ Mensch Craniosacral Therapie","description":"Gesundheit, Bewusst-Sein, Nachhaltigkeit, Flow, Zeitgeist","potentialAction":[{"@type":"SearchAction","target":{"@type":"EntryPoint","urlTemplate":"https:\/\/energyflows.ch\/?s={search_term_string}"},"query-input":"required name=search_term_string"}],"inLanguage":"de"}]}},"_links":{"self":[{"href":"https:\/\/energyflows.ch\/index.php\/wp-json\/wp\/v2\/pages\/258"}],"collection":[{"href":"https:\/\/energyflows.ch\/index.php\/wp-json\/wp\/v2\/pages"}],"about":[{"href":"https:\/\/energyflows.ch\/index.php\/wp-json\/wp\/v2\/types\/page"}],"author":[{"embeddable":true,"href":"https:\/\/energyflows.ch\/index.php\/wp-json\/wp\/v2\/users\/1"}],"replies":[{"embeddable":true,"href":"https:\/\/energyflows.ch\/index.php\/wp-json\/wp\/v2\/comments?post=258"}],"version-history":[{"count":49,"href":"https:\/\/energyflows.ch\/index.php\/wp-json\/wp\/v2\/pages\/258\/revisions"}],"predecessor-version":[{"id":462,"href":"https:\/\/energyflows.ch\/index.php\/wp-json\/wp\/v2\/pages\/258\/revisions\/462"}],"wp:attachment":[{"href":"https:\/\/energyflows.ch\/index.php\/wp-json\/wp\/v2\/media?parent=258"}],"curies":[{"name":"wp","href":"https:\/\/api.w.org\/{rel}","templated":true}]}}