{"id":187,"date":"2020-07-13T11:55:03","date_gmt":"2020-07-13T11:55:03","guid":{"rendered":"https:\/\/flow.energyflows.ch\/?page_id=187"},"modified":"2021-10-22T12:32:23","modified_gmt":"2021-10-22T12:32:23","slug":"flow-cd","status":"publish","type":"page","link":"https:\/\/energyflows.ch\/index.php\/flow-cd\/","title":{"rendered":"&#8222;Flow-CD&#8220;"},"content":{"rendered":"<div><strong>CD \u00abMit Progressiver Muskelrelaxation in den Flow\u00bb<\/strong><\/div>\n<div>inkl. ausf\u00fchrlichem Booklet mit 24 Seiten sFr. 30.-<\/div>\n<div><img loading=\"lazy\" decoding=\"async\" class=\"alignnone wp-image-196\" src=\"https:\/\/energyflows.ch\/wp-content\/uploads\/2020\/07\/CD-weiter-Himmel-2-1-268x300.jpg\" alt=\"\" width=\"405\" height=\"453\" srcset=\"https:\/\/energyflows.ch\/wp-content\/uploads\/2020\/07\/CD-weiter-Himmel-2-1-268x300.jpg 268w, https:\/\/energyflows.ch\/wp-content\/uploads\/2020\/07\/CD-weiter-Himmel-2-1-914x1024.jpg 914w, https:\/\/energyflows.ch\/wp-content\/uploads\/2020\/07\/CD-weiter-Himmel-2-1-768x860.jpg 768w, https:\/\/energyflows.ch\/wp-content\/uploads\/2020\/07\/CD-weiter-Himmel-2-1-1371x1536.jpg 1371w, https:\/\/energyflows.ch\/wp-content\/uploads\/2020\/07\/CD-weiter-Himmel-2-1-1829x2048.jpg 1829w\" sizes=\"(max-width: 405px) 100vw, 405px\" \/><\/div>\n<div><\/div>\n<div><strong>H\u00f6rproben<\/strong><\/div>\n<div><\/div>\n<div>Flow-CD Einleitung<\/div>\n<div>\n<!--[if lt IE 9]><script>document.createElement('audio');<\/script><![endif]-->\n<audio class=\"wp-audio-shortcode\" id=\"audio-187-1\" preload=\"none\" style=\"width: 100%;\" controls=\"controls\"><source type=\"audio\/mpeg\" src=\"https:\/\/energyflows.ch\/wp-content\/uploads\/2020\/07\/Flow-CD-Einleitung.mp3?_=1\" \/><a href=\"https:\/\/energyflows.ch\/wp-content\/uploads\/2020\/07\/Flow-CD-Einleitung.mp3\">https:\/\/energyflows.ch\/wp-content\/uploads\/2020\/07\/Flow-CD-Einleitung.mp3<\/a><\/audio>\n<\/div>\n<div><\/div>\n<div>Flow-CD Atem<\/div>\n<div>\n<audio class=\"wp-audio-shortcode\" id=\"audio-187-2\" preload=\"none\" style=\"width: 100%;\" controls=\"controls\"><source type=\"audio\/mpeg\" src=\"https:\/\/energyflows.ch\/wp-content\/uploads\/2020\/07\/Flow-CD-Atemuebung.mp3?_=2\" \/><a href=\"https:\/\/energyflows.ch\/wp-content\/uploads\/2020\/07\/Flow-CD-Atemuebung.mp3\">https:\/\/energyflows.ch\/wp-content\/uploads\/2020\/07\/Flow-CD-Atemuebung.mp3<\/a><\/audio>\n<\/div>\n<div><\/div>\n<div>Flow-CD Erden<\/div>\n<div>\n<audio class=\"wp-audio-shortcode\" id=\"audio-187-3\" preload=\"none\" style=\"width: 100%;\" controls=\"controls\"><source type=\"audio\/mpeg\" src=\"https:\/\/energyflows.ch\/wp-content\/uploads\/2020\/07\/Flow-CD_Erden.mp3?_=3\" \/><a href=\"https:\/\/energyflows.ch\/wp-content\/uploads\/2020\/07\/Flow-CD_Erden.mp3\">https:\/\/energyflows.ch\/wp-content\/uploads\/2020\/07\/Flow-CD_Erden.mp3<\/a><\/audio>\n<\/div>\n<div>\n<p>&nbsp;<\/p>\n<p><strong>Testimonials<\/strong><\/p>\n<\/div>\n<div>\n<p>\u00abSehr professionell gemachte CD\u00bb \u2022 \u00abAngenehme Stimme f\u00fchrt in die Stille.\u00bb \u2022 \u00abKein Schnellschuss\u00bb \u2022 \u00abEin gelungenes Werk von A bis Z\u00bb \u2022 \u00abSehr hilfreiche CD mit wertvollen Tipps\u00bb \u2022 \u00abPerfekte Einladung zum Runterkommen \u00bb \u2022 \u00abHyperaktives dreij\u00e4hriges Kind soll auf dem Sofa eingeschlafen sein, was sonst gar nie der Fall ist.\u00bb \u2022 \u00abHund hat auch grad mitgemacht und seine Pf\u00f6tchen gestreckt.\u00bb \u2022 \u00abEs entspannt auch beim Gl\u00e4tten.\u00bb \u2022 \u00abPr\u00e4zise Anleitung, sorgf\u00e4ltig zusammengestellt\u00bb \u2022 \u00abHabe mich selbst wiedergefunden.\u00bb \u2022 \u00abDie Entspannungs\u00fcbungen sind so vielf\u00e4ltig und vielschichtig, dass sie sich jedes Mal anders anf\u00fchlen.\u00bb<\/p>\n<\/div>\n<div><\/div>\n<div><\/div>\n<div><\/div>\n<div><img loading=\"lazy\" decoding=\"async\" src=\"https:\/\/www.energyflows.ch\/bilder\/cd-cover-gross-18.jpg\" alt=\"\" width=\"400\" height=\"398\" border=\"0\" \/><\/div>\n<div><\/div>\n<div><\/div>\n<div>Die CD \u00abMit Progressiver Muskelrelaxation in den Flow\u00bb inkl. Bodyscan ist ein ideales Werkzeug f\u00fcr Entschleunigung und bewusstes Entspannen zu Hause und unterwegs. Die vier gef\u00fchrten Meditationen \/ Selbstwahrnehmungsreisen \u00e0 12 \u2013 21 Minuten erm\u00f6glichen es, den eigenen K\u00f6rper positiv zu erfahren und das K\u00f6rperbewusstsein zu verbessern. Diese CD basiert auf der anerkannten Entspannungsmethode \u00abProgressive Muskelrelaxation \/ Progressive Muskelentspannung\u00bb und es fliessen vielfach erprobte k\u00f6rpertherapeutische Aspekte, wie z.B. Bodyscanning, mit ein. Barbara Werner`s Wissen und 20-j\u00e4hrige Erfahrung fliessen ebenfalls in diese EntspannungsCD mit ein. Die CD ist ein Klassiker und vermittelt wertvolle Grundlagen f\u00fcr Entspannung, Meditation und pers\u00f6nliche Gesundheitskompetenz. Die CD ist ein Grundlagenwerk im Bereich Achtsamkeit auf der K\u00f6rperebene.<\/div>\n<div>\n<p>Es sind schon zahlreiche positive <a href=\"https:\/\/energyflows.ch\/index.php\/diverses\/\">R\u00fcckmeldungen<\/a> eingegangen.<\/p>\n<\/div>\n<div><\/div>\n<div><strong>Bestellung:<\/strong><\/div>\n<div>Hiermit bestelle ich verbindlich gegen Rechnung :<\/div>\n<div><\/div>\n<div>CD \u00abMit Progressiver Muskelrelaxation in den Flow\u00bb<\/div>\n<div>inkl. MP3-Format und Booklet mit 24 Seiten f\u00fcr sFr.\u00a0 30.-<\/div>\n<div>\n<p>Verpackung und Versand\u00a0 in der Schweiz f\u00fcr sFr.\u00a0 2.-<\/p>\n<div>CD \u00abMit Progressiver Muskelrelaxation in den Flow\u00bb<\/div>\n<div>inkl. MP3-Format und Booklet mit 24 Seiten f\u00fcr 25 Euro<br \/>\n<span style=\"font-size: 1rem;\">Verpackung und Versand nach Deutschland \/ \u00d6sterreich f\u00fcr\u00a0 5 Euro\u00a0<\/span><\/div>\n<\/div>\n<div><\/div>\n<div><\/div>\n<div><\/div>\n<div><iframe loading=\"lazy\" src=\"https:\/\/www.server9.ch\/bestellung\/index.php\" width=\"420\" height=\"900\" frameborder=\"0\" align=\"left\" data-mce-fragment=\"1\"><\/iframe><\/div>\n<p>&nbsp;<\/p>\n","protected":false},"excerpt":{"rendered":"<p>CD \u00abMit Progressiver Muskelrelaxation in den Flow\u00bb inkl. ausf\u00fchrlichem Booklet mit 24 Seiten sFr. 30.- H\u00f6rproben Flow-CD Einleitung Flow-CD Atem Flow-CD Erden &nbsp; Testimonials \u00abSehr professionell gemachte CD\u00bb \u2022 \u00abAngenehme Stimme f\u00fchrt in die Stille.\u00bb \u2022 \u00abKein Schnellschuss\u00bb \u2022 \u00abEin gelungenes Werk von A bis Z\u00bb \u2022 \u00abSehr hilfreiche CD mit wertvollen Tipps\u00bb \u2022 \u00abPerfekte &hellip; <\/p>\n<p class=\"link-more\"><a href=\"https:\/\/energyflows.ch\/index.php\/flow-cd\/\" class=\"more-link\"><span class=\"screen-reader-text\">\u201e&#8222;Flow-CD&#8220;\u201c<\/span> weiterlesen<\/a><\/p>\n","protected":false},"author":1,"featured_media":0,"parent":0,"menu_order":0,"comment_status":"closed","ping_status":"closed","template":"","meta":{"footnotes":""},"class_list":["post-187","page","type-page","status-publish","hentry"],"yoast_head":"<!-- This site is optimized with the Yoast SEO plugin v23.2 - https:\/\/yoast.com\/wordpress\/plugins\/seo\/ -->\n<title>\u00abMit Progressiver Muskelrelaxation in den Flow\u00bb<\/title>\n<meta name=\"description\" content=\"Die CD \u00abMit Progressiver Muskelrelaxation in den Flow\u00bb inkl. Bodyscan ist ein ideales Werkzeug f\u00fcr Entschleunigung und bewusstes Entspannen zu Hause und unterwegs.\" \/>\n<meta name=\"robots\" content=\"index, follow, max-snippet:-1, max-image-preview:large, max-video-preview:-1\" \/>\n<link rel=\"canonical\" href=\"https:\/\/energyflows.ch\/index.php\/flow-cd\/\" \/>\n<meta property=\"og:locale\" content=\"de_DE\" \/>\n<meta property=\"og:type\" content=\"article\" \/>\n<meta property=\"og:title\" content=\"\u00abMit Progressiver Muskelrelaxation in den Flow\u00bb\" \/>\n<meta property=\"og:description\" content=\"Die CD \u00abMit Progressiver Muskelrelaxation in den Flow\u00bb inkl. Bodyscan ist ein ideales Werkzeug f\u00fcr Entschleunigung und bewusstes Entspannen zu Hause und unterwegs.\" \/>\n<meta property=\"og:url\" content=\"https:\/\/energyflows.ch\/index.php\/flow-cd\/\" \/>\n<meta property=\"og:site_name\" content=\"BARBARA WERNER \/ Craniosacral Therapie &amp; Entspannung &amp; Blog\" \/>\n<meta property=\"article:publisher\" content=\"https:\/\/www.facebook.com\/Maveena119\" \/>\n<meta property=\"article:modified_time\" content=\"2021-10-22T12:32:23+00:00\" \/>\n<meta property=\"og:image\" content=\"https:\/\/energyflows.ch\/wp-content\/uploads\/2020\/07\/CD-weiter-Himmel-2-1-268x300.jpg\" \/>\n<meta name=\"twitter:card\" content=\"summary_large_image\" \/>\n<meta name=\"twitter:label1\" content=\"Gesch\u00e4tzte Lesezeit\" \/>\n\t<meta name=\"twitter:data1\" content=\"2\u00a0Minuten\" \/>\n<script type=\"application\/ld+json\" class=\"yoast-schema-graph\">{\"@context\":\"https:\/\/schema.org\",\"@graph\":[{\"@type\":\"WebPage\",\"@id\":\"https:\/\/energyflows.ch\/index.php\/flow-cd\/\",\"url\":\"https:\/\/energyflows.ch\/index.php\/flow-cd\/\",\"name\":\"\u00abMit Progressiver Muskelrelaxation in den Flow\u00bb\",\"isPartOf\":{\"@id\":\"https:\/\/energyflows.ch\/#website\"},\"primaryImageOfPage\":{\"@id\":\"https:\/\/energyflows.ch\/index.php\/flow-cd\/#primaryimage\"},\"image\":{\"@id\":\"https:\/\/energyflows.ch\/index.php\/flow-cd\/#primaryimage\"},\"thumbnailUrl\":\"https:\/\/energyflows.ch\/wp-content\/uploads\/2020\/07\/CD-weiter-Himmel-2-1-268x300.jpg\",\"datePublished\":\"2020-07-13T11:55:03+00:00\",\"dateModified\":\"2021-10-22T12:32:23+00:00\",\"description\":\"Die CD \u00abMit Progressiver Muskelrelaxation in den Flow\u00bb inkl. Bodyscan ist ein ideales Werkzeug f\u00fcr Entschleunigung und bewusstes Entspannen zu Hause und unterwegs.\",\"breadcrumb\":{\"@id\":\"https:\/\/energyflows.ch\/index.php\/flow-cd\/#breadcrumb\"},\"inLanguage\":\"de\",\"potentialAction\":[{\"@type\":\"ReadAction\",\"target\":[\"https:\/\/energyflows.ch\/index.php\/flow-cd\/\"]}]},{\"@type\":\"ImageObject\",\"inLanguage\":\"de\",\"@id\":\"https:\/\/energyflows.ch\/index.php\/flow-cd\/#primaryimage\",\"url\":\"https:\/\/energyflows.ch\/wp-content\/uploads\/2020\/07\/CD-weiter-Himmel-2-1-268x300.jpg\",\"contentUrl\":\"https:\/\/energyflows.ch\/wp-content\/uploads\/2020\/07\/CD-weiter-Himmel-2-1-268x300.jpg\"},{\"@type\":\"BreadcrumbList\",\"@id\":\"https:\/\/energyflows.ch\/index.php\/flow-cd\/#breadcrumb\",\"itemListElement\":[{\"@type\":\"ListItem\",\"position\":1,\"name\":\"Startseite\",\"item\":\"https:\/\/energyflows.ch\/\"},{\"@type\":\"ListItem\",\"position\":2,\"name\":\"&#8222;Flow-CD&#8220;\"}]},{\"@type\":\"WebSite\",\"@id\":\"https:\/\/energyflows.ch\/#website\",\"url\":\"https:\/\/energyflows.ch\/\",\"name\":\"Barbara Werner Therapie & Coaching f\u00fcr Bewusstsein Referentin \/ Autorin \/ Mensch Craniosacral Therapie\",\"description\":\"Gesundheit, Bewusst-Sein, Nachhaltigkeit, Flow, Zeitgeist\",\"potentialAction\":[{\"@type\":\"SearchAction\",\"target\":{\"@type\":\"EntryPoint\",\"urlTemplate\":\"https:\/\/energyflows.ch\/?s={search_term_string}\"},\"query-input\":\"required name=search_term_string\"}],\"inLanguage\":\"de\"}]}<\/script>\n<!-- \/ Yoast SEO plugin. -->","yoast_head_json":{"title":"\u00abMit Progressiver Muskelrelaxation in den Flow\u00bb","description":"Die CD \u00abMit Progressiver Muskelrelaxation in den Flow\u00bb inkl. Bodyscan ist ein ideales Werkzeug f\u00fcr Entschleunigung und bewusstes Entspannen zu Hause und unterwegs.","robots":{"index":"index","follow":"follow","max-snippet":"max-snippet:-1","max-image-preview":"max-image-preview:large","max-video-preview":"max-video-preview:-1"},"canonical":"https:\/\/energyflows.ch\/index.php\/flow-cd\/","og_locale":"de_DE","og_type":"article","og_title":"\u00abMit Progressiver Muskelrelaxation in den Flow\u00bb","og_description":"Die CD \u00abMit Progressiver Muskelrelaxation in den Flow\u00bb inkl. Bodyscan ist ein ideales Werkzeug f\u00fcr Entschleunigung und bewusstes Entspannen zu Hause und unterwegs.","og_url":"https:\/\/energyflows.ch\/index.php\/flow-cd\/","og_site_name":"BARBARA WERNER \/ Craniosacral Therapie &amp; Entspannung &amp; Blog","article_publisher":"https:\/\/www.facebook.com\/Maveena119","article_modified_time":"2021-10-22T12:32:23+00:00","og_image":[{"url":"https:\/\/energyflows.ch\/wp-content\/uploads\/2020\/07\/CD-weiter-Himmel-2-1-268x300.jpg"}],"twitter_card":"summary_large_image","twitter_misc":{"Gesch\u00e4tzte Lesezeit":"2\u00a0Minuten"},"schema":{"@context":"https:\/\/schema.org","@graph":[{"@type":"WebPage","@id":"https:\/\/energyflows.ch\/index.php\/flow-cd\/","url":"https:\/\/energyflows.ch\/index.php\/flow-cd\/","name":"\u00abMit Progressiver Muskelrelaxation in den Flow\u00bb","isPartOf":{"@id":"https:\/\/energyflows.ch\/#website"},"primaryImageOfPage":{"@id":"https:\/\/energyflows.ch\/index.php\/flow-cd\/#primaryimage"},"image":{"@id":"https:\/\/energyflows.ch\/index.php\/flow-cd\/#primaryimage"},"thumbnailUrl":"https:\/\/energyflows.ch\/wp-content\/uploads\/2020\/07\/CD-weiter-Himmel-2-1-268x300.jpg","datePublished":"2020-07-13T11:55:03+00:00","dateModified":"2021-10-22T12:32:23+00:00","description":"Die CD \u00abMit Progressiver Muskelrelaxation in den Flow\u00bb inkl. Bodyscan ist ein ideales Werkzeug f\u00fcr Entschleunigung und bewusstes Entspannen zu Hause und unterwegs.","breadcrumb":{"@id":"https:\/\/energyflows.ch\/index.php\/flow-cd\/#breadcrumb"},"inLanguage":"de","potentialAction":[{"@type":"ReadAction","target":["https:\/\/energyflows.ch\/index.php\/flow-cd\/"]}]},{"@type":"ImageObject","inLanguage":"de","@id":"https:\/\/energyflows.ch\/index.php\/flow-cd\/#primaryimage","url":"https:\/\/energyflows.ch\/wp-content\/uploads\/2020\/07\/CD-weiter-Himmel-2-1-268x300.jpg","contentUrl":"https:\/\/energyflows.ch\/wp-content\/uploads\/2020\/07\/CD-weiter-Himmel-2-1-268x300.jpg"},{"@type":"BreadcrumbList","@id":"https:\/\/energyflows.ch\/index.php\/flow-cd\/#breadcrumb","itemListElement":[{"@type":"ListItem","position":1,"name":"Startseite","item":"https:\/\/energyflows.ch\/"},{"@type":"ListItem","position":2,"name":"&#8222;Flow-CD&#8220;"}]},{"@type":"WebSite","@id":"https:\/\/energyflows.ch\/#website","url":"https:\/\/energyflows.ch\/","name":"Barbara Werner Therapie & Coaching f\u00fcr Bewusstsein Referentin \/ Autorin \/ Mensch Craniosacral Therapie","description":"Gesundheit, Bewusst-Sein, Nachhaltigkeit, Flow, Zeitgeist","potentialAction":[{"@type":"SearchAction","target":{"@type":"EntryPoint","urlTemplate":"https:\/\/energyflows.ch\/?s={search_term_string}"},"query-input":"required name=search_term_string"}],"inLanguage":"de"}]}},"_links":{"self":[{"href":"https:\/\/energyflows.ch\/index.php\/wp-json\/wp\/v2\/pages\/187"}],"collection":[{"href":"https:\/\/energyflows.ch\/index.php\/wp-json\/wp\/v2\/pages"}],"about":[{"href":"https:\/\/energyflows.ch\/index.php\/wp-json\/wp\/v2\/types\/page"}],"author":[{"embeddable":true,"href":"https:\/\/energyflows.ch\/index.php\/wp-json\/wp\/v2\/users\/1"}],"replies":[{"embeddable":true,"href":"https:\/\/energyflows.ch\/index.php\/wp-json\/wp\/v2\/comments?post=187"}],"version-history":[{"count":24,"href":"https:\/\/energyflows.ch\/index.php\/wp-json\/wp\/v2\/pages\/187\/revisions"}],"predecessor-version":[{"id":443,"href":"https:\/\/energyflows.ch\/index.php\/wp-json\/wp\/v2\/pages\/187\/revisions\/443"}],"wp:attachment":[{"href":"https:\/\/energyflows.ch\/index.php\/wp-json\/wp\/v2\/media?parent=187"}],"curies":[{"name":"wp","href":"https:\/\/api.w.org\/{rel}","templated":true}]}}