{"id":151,"date":"2020-07-06T07:10:28","date_gmt":"2020-07-06T07:10:28","guid":{"rendered":"https:\/\/flow.energyflows.ch\/?page_id=151"},"modified":"2024-12-28T19:56:48","modified_gmt":"2024-12-28T19:56:48","slug":"startseite","status":"publish","type":"page","link":"https:\/\/energyflows.ch\/","title":{"rendered":"WELCOME"},"content":{"rendered":"\r\n<p><span style=\"color: #ff0000;\"><br \/>Atelier-Praxis<br \/>Therapie &amp; Coaching auf Anfrage<br \/><br \/>Die Ausstellung &#8222;let go into flow&#8220; im September 2024 in der &#8222;Alten Kaserne&#8220; in Winterthur ist eine Hommage an die Heilkraft von Entspannung.<\/span><\/p>\r\n<p><span style=\"color: #ff0000;\"><br \/>Barbara Werner<br \/>Craniosacral Therapie Praxis<\/span><br \/>Therapie &amp; Coaching f\u00fcr Bewusstsein\u00a0<br \/>Autorin &#8222;Flow-CD&#8220; \/ Referentin \/ Mensch<\/p>\r\n<p>Dipl. Komplement\u00e4rtherapeutin\u00a0<br \/>Dipl. Craniosacral Therapeutin <br \/>Dipl. Shiatsu-Therapeutin<br \/>Dipl. Physiotherapeutin\u00a0 BSc<\/p>\r\n<p>\u00a0 \u00a0 <img loading=\"lazy\" decoding=\"async\" class=\"alignnone wp-image-416 size-full\" src=\"https:\/\/energyflows.ch\/wp-content\/uploads\/2021\/10\/wasserlilie.jpg\" alt=\"\" width=\"120\" height=\"120\" srcset=\"https:\/\/energyflows.ch\/wp-content\/uploads\/2021\/10\/wasserlilie.jpg 120w, https:\/\/energyflows.ch\/wp-content\/uploads\/2021\/10\/wasserlilie-100x100.jpg 100w\" sizes=\"(max-width: 120px) 100vw, 120px\" \/><br \/><br \/>25 Jahre Expertise als K\u00f6rpertherapeutin\u00a0<br \/><br \/><br \/><\/p>\r\n<p><span style=\"color: #ff9900;\">LET GO INTO HEALING . . .\u00a0<\/span><\/p>\r\n<p>Fliessen unsere Energien in unserem K\u00f6rper frei, so f\u00fchlen wir uns wohl. K\u00f6nnen unsere Energien in unserem K\u00f6rper nicht frei fliessen, so sp\u00fcren wir ein Unwohlsein bis hin zu Schmerzen auf der k\u00f6rperlichen, geistigen oder seelischen Ebene. Diese Balance zu finden ist nicht immer einfach.\u00a0 Es ist mir ein grosses Anliegen, Raum zu schaffen f\u00fcr diesen faszinierenden Selbstwahrnehmungsprozess . . .\u00a0 Dabei geht es auch darum, die Botschaften unseres K\u00f6rpers zu entschl\u00fcsseln. Auf unseren K\u00f6rper h\u00f6ren verbindet uns mit uns selber und gibt uns eine nachhaltige Gesundheitskompetenz zur\u00fcck.<br \/><br \/><\/p>\r\n<p><span style=\"color: #ff9900;\">INNERE RUHE\u00a0 &amp; KLARHEIT FINDEN .\u00a0 .\u00a0 .\u00a0<\/span><\/p>\r\n<p>\u00a0 \u00a0 <img loading=\"lazy\" decoding=\"async\" class=\"alignnone size-full wp-image-414\" src=\"https:\/\/energyflows.ch\/wp-content\/uploads\/2021\/10\/orange.jpg\" alt=\"\" width=\"120\" height=\"120\" srcset=\"https:\/\/energyflows.ch\/wp-content\/uploads\/2021\/10\/orange.jpg 120w, https:\/\/energyflows.ch\/wp-content\/uploads\/2021\/10\/orange-100x100.jpg 100w\" sizes=\"(max-width: 120px) 100vw, 120px\" \/><\/p>\r\n<p># Wechselwirkung K\u00f6rper, Geist und Seele<br \/># K\u00f6rpersprache \/ Heilkunst<br \/># Bodylistening \/ Bodyscanning\u00a0<br \/># Body Scan Meditation<br \/># Gef\u00fchrte Meditationen<br \/># Entspannungsmethoden<br \/># Progressive Muskelrelaxation \/ PMR<br \/># Sparring \/ begleitendes Gespr\u00e4ch<\/p>\r\n<p>&nbsp;<\/p>\r\n<p><a href=\"https:\/\/energyflows.ch\/index.php\/kontakt\/\"><strong>Ich freue mich auf deine \/ Ihre Kontaktaufname.<\/strong><\/a><\/p>\r\n<p>Update www.energyflows.ch created with love by Barbara Veena Werner in August 2024<\/p>\r\n","protected":false},"excerpt":{"rendered":"<p>Atelier-PraxisTherapie &amp; Coaching auf Anfrage Die Ausstellung &#8222;let go into flow&#8220; im September 2024 in der &#8222;Alten Kaserne&#8220; in Winterthur ist eine Hommage an die Heilkraft von Entspannung. Barbara WernerCraniosacral Therapie PraxisTherapie &amp; Coaching f\u00fcr Bewusstsein\u00a0Autorin &#8222;Flow-CD&#8220; \/ Referentin \/ Mensch Dipl. Komplement\u00e4rtherapeutin\u00a0Dipl. Craniosacral Therapeutin Dipl. Shiatsu-TherapeutinDipl. Physiotherapeutin\u00a0 BSc \u00a0 \u00a0 25 Jahre Expertise als &hellip; <\/p>\n<p class=\"link-more\"><a href=\"https:\/\/energyflows.ch\/\" class=\"more-link\"><span class=\"screen-reader-text\">\u201eWELCOME\u201c<\/span> weiterlesen<\/a><\/p>\n","protected":false},"author":1,"featured_media":0,"parent":0,"menu_order":0,"comment_status":"closed","ping_status":"closed","template":"","meta":{"footnotes":""},"class_list":["post-151","page","type-page","status-publish","hentry"],"yoast_head":"<!-- This site is optimized with the Yoast SEO plugin v23.2 - https:\/\/yoast.com\/wordpress\/plugins\/seo\/ -->\n<title>Barbara Werner \u2022 Therapie &amp; Coaching f\u00fcr Bewusstsein \u2022 Craniosacral Therapie<\/title>\n<meta name=\"description\" content=\"Craniosacral Therapie \u2022 Entspannung \u2022 Entspannungsmethode \u2022 Progressive Muskelrelaxation \u2022 PMRBodyscanning\" \/>\n<meta name=\"robots\" content=\"index, follow, max-snippet:-1, max-image-preview:large, max-video-preview:-1\" \/>\n<link rel=\"canonical\" href=\"https:\/\/energyflows.ch\/\" \/>\n<meta property=\"og:locale\" content=\"de_DE\" \/>\n<meta property=\"og:type\" content=\"article\" \/>\n<meta property=\"og:title\" content=\"Barbara Werner \u2022 Therapie &amp; Coaching f\u00fcr Bewusstsein \u2022 Craniosacral Therapie\" \/>\n<meta property=\"og:description\" content=\"Craniosacral Therapie \u2022 Entspannung \u2022 Entspannungsmethode \u2022 Progressive Muskelrelaxation \u2022 PMRBodyscanning\" \/>\n<meta property=\"og:url\" content=\"https:\/\/energyflows.ch\/\" \/>\n<meta property=\"og:site_name\" content=\"BARBARA WERNER \/ Craniosacral Therapie &amp; Entspannung &amp; Blog\" \/>\n<meta property=\"article:publisher\" content=\"https:\/\/www.facebook.com\/Maveena119\" \/>\n<meta property=\"article:modified_time\" content=\"2024-12-28T19:56:48+00:00\" \/>\n<meta property=\"og:image\" content=\"https:\/\/energyflows.ch\/wp-content\/uploads\/2021\/10\/wasserlilie.jpg\" \/>\n<meta name=\"twitter:card\" content=\"summary_large_image\" \/>\n<meta name=\"twitter:label1\" content=\"Gesch\u00e4tzte Lesezeit\" \/>\n\t<meta name=\"twitter:data1\" content=\"2\u00a0Minuten\" \/>\n<script type=\"application\/ld+json\" class=\"yoast-schema-graph\">{\"@context\":\"https:\/\/schema.org\",\"@graph\":[{\"@type\":\"WebPage\",\"@id\":\"https:\/\/energyflows.ch\/\",\"url\":\"https:\/\/energyflows.ch\/\",\"name\":\"Barbara Werner \u2022 Therapie & Coaching f\u00fcr Bewusstsein \u2022 Craniosacral Therapie\",\"isPartOf\":{\"@id\":\"https:\/\/energyflows.ch\/#website\"},\"primaryImageOfPage\":{\"@id\":\"https:\/\/energyflows.ch\/#primaryimage\"},\"image\":{\"@id\":\"https:\/\/energyflows.ch\/#primaryimage\"},\"thumbnailUrl\":\"https:\/\/energyflows.ch\/wp-content\/uploads\/2021\/10\/wasserlilie.jpg\",\"datePublished\":\"2020-07-06T07:10:28+00:00\",\"dateModified\":\"2024-12-28T19:56:48+00:00\",\"description\":\"Craniosacral Therapie \u2022 Entspannung \u2022 Entspannungsmethode \u2022 Progressive Muskelrelaxation \u2022 PMRBodyscanning\",\"breadcrumb\":{\"@id\":\"https:\/\/energyflows.ch\/#breadcrumb\"},\"inLanguage\":\"de\",\"potentialAction\":[{\"@type\":\"ReadAction\",\"target\":[\"https:\/\/energyflows.ch\/\"]}]},{\"@type\":\"ImageObject\",\"inLanguage\":\"de\",\"@id\":\"https:\/\/energyflows.ch\/#primaryimage\",\"url\":\"https:\/\/energyflows.ch\/wp-content\/uploads\/2021\/10\/wasserlilie.jpg\",\"contentUrl\":\"https:\/\/energyflows.ch\/wp-content\/uploads\/2021\/10\/wasserlilie.jpg\",\"width\":120,\"height\":120},{\"@type\":\"BreadcrumbList\",\"@id\":\"https:\/\/energyflows.ch\/#breadcrumb\",\"itemListElement\":[{\"@type\":\"ListItem\",\"position\":1,\"name\":\"Startseite\",\"item\":\"https:\/\/energyflows.ch\/\"},{\"@type\":\"ListItem\",\"position\":2,\"name\":\"WELCOME\"}]},{\"@type\":\"WebSite\",\"@id\":\"https:\/\/energyflows.ch\/#website\",\"url\":\"https:\/\/energyflows.ch\/\",\"name\":\"Barbara Werner Therapie & Coaching f\u00fcr Bewusstsein Referentin \/ Autorin \/ Mensch Craniosacral Therapie\",\"description\":\"Gesundheit, Bewusst-Sein, Nachhaltigkeit, Flow, Zeitgeist\",\"potentialAction\":[{\"@type\":\"SearchAction\",\"target\":{\"@type\":\"EntryPoint\",\"urlTemplate\":\"https:\/\/energyflows.ch\/?s={search_term_string}\"},\"query-input\":\"required name=search_term_string\"}],\"inLanguage\":\"de\"}]}<\/script>\n<!-- \/ Yoast SEO plugin. -->","yoast_head_json":{"title":"Barbara Werner \u2022 Therapie & Coaching f\u00fcr Bewusstsein \u2022 Craniosacral Therapie","description":"Craniosacral Therapie \u2022 Entspannung \u2022 Entspannungsmethode \u2022 Progressive Muskelrelaxation \u2022 PMRBodyscanning","robots":{"index":"index","follow":"follow","max-snippet":"max-snippet:-1","max-image-preview":"max-image-preview:large","max-video-preview":"max-video-preview:-1"},"canonical":"https:\/\/energyflows.ch\/","og_locale":"de_DE","og_type":"article","og_title":"Barbara Werner \u2022 Therapie & Coaching f\u00fcr Bewusstsein \u2022 Craniosacral Therapie","og_description":"Craniosacral Therapie \u2022 Entspannung \u2022 Entspannungsmethode \u2022 Progressive Muskelrelaxation \u2022 PMRBodyscanning","og_url":"https:\/\/energyflows.ch\/","og_site_name":"BARBARA WERNER \/ Craniosacral Therapie &amp; Entspannung &amp; Blog","article_publisher":"https:\/\/www.facebook.com\/Maveena119","article_modified_time":"2024-12-28T19:56:48+00:00","og_image":[{"url":"https:\/\/energyflows.ch\/wp-content\/uploads\/2021\/10\/wasserlilie.jpg"}],"twitter_card":"summary_large_image","twitter_misc":{"Gesch\u00e4tzte Lesezeit":"2\u00a0Minuten"},"schema":{"@context":"https:\/\/schema.org","@graph":[{"@type":"WebPage","@id":"https:\/\/energyflows.ch\/","url":"https:\/\/energyflows.ch\/","name":"Barbara Werner \u2022 Therapie & Coaching f\u00fcr Bewusstsein \u2022 Craniosacral Therapie","isPartOf":{"@id":"https:\/\/energyflows.ch\/#website"},"primaryImageOfPage":{"@id":"https:\/\/energyflows.ch\/#primaryimage"},"image":{"@id":"https:\/\/energyflows.ch\/#primaryimage"},"thumbnailUrl":"https:\/\/energyflows.ch\/wp-content\/uploads\/2021\/10\/wasserlilie.jpg","datePublished":"2020-07-06T07:10:28+00:00","dateModified":"2024-12-28T19:56:48+00:00","description":"Craniosacral Therapie \u2022 Entspannung \u2022 Entspannungsmethode \u2022 Progressive Muskelrelaxation \u2022 PMRBodyscanning","breadcrumb":{"@id":"https:\/\/energyflows.ch\/#breadcrumb"},"inLanguage":"de","potentialAction":[{"@type":"ReadAction","target":["https:\/\/energyflows.ch\/"]}]},{"@type":"ImageObject","inLanguage":"de","@id":"https:\/\/energyflows.ch\/#primaryimage","url":"https:\/\/energyflows.ch\/wp-content\/uploads\/2021\/10\/wasserlilie.jpg","contentUrl":"https:\/\/energyflows.ch\/wp-content\/uploads\/2021\/10\/wasserlilie.jpg","width":120,"height":120},{"@type":"BreadcrumbList","@id":"https:\/\/energyflows.ch\/#breadcrumb","itemListElement":[{"@type":"ListItem","position":1,"name":"Startseite","item":"https:\/\/energyflows.ch\/"},{"@type":"ListItem","position":2,"name":"WELCOME"}]},{"@type":"WebSite","@id":"https:\/\/energyflows.ch\/#website","url":"https:\/\/energyflows.ch\/","name":"Barbara Werner Therapie & Coaching f\u00fcr Bewusstsein Referentin \/ Autorin \/ Mensch Craniosacral Therapie","description":"Gesundheit, Bewusst-Sein, Nachhaltigkeit, Flow, Zeitgeist","potentialAction":[{"@type":"SearchAction","target":{"@type":"EntryPoint","urlTemplate":"https:\/\/energyflows.ch\/?s={search_term_string}"},"query-input":"required name=search_term_string"}],"inLanguage":"de"}]}},"_links":{"self":[{"href":"https:\/\/energyflows.ch\/index.php\/wp-json\/wp\/v2\/pages\/151"}],"collection":[{"href":"https:\/\/energyflows.ch\/index.php\/wp-json\/wp\/v2\/pages"}],"about":[{"href":"https:\/\/energyflows.ch\/index.php\/wp-json\/wp\/v2\/types\/page"}],"author":[{"embeddable":true,"href":"https:\/\/energyflows.ch\/index.php\/wp-json\/wp\/v2\/users\/1"}],"replies":[{"embeddable":true,"href":"https:\/\/energyflows.ch\/index.php\/wp-json\/wp\/v2\/comments?post=151"}],"version-history":[{"count":40,"href":"https:\/\/energyflows.ch\/index.php\/wp-json\/wp\/v2\/pages\/151\/revisions"}],"predecessor-version":[{"id":467,"href":"https:\/\/energyflows.ch\/index.php\/wp-json\/wp\/v2\/pages\/151\/revisions\/467"}],"wp:attachment":[{"href":"https:\/\/energyflows.ch\/index.php\/wp-json\/wp\/v2\/media?parent=151"}],"curies":[{"name":"wp","href":"https:\/\/api.w.org\/{rel}","templated":true}]}}